{"id":71,"date":"2023-04-11T20:36:55","date_gmt":"2023-04-11T18:36:55","guid":{"rendered":"http:\/\/wp12463810.server-he.de\/schulen\/1702\/?page_id=71"},"modified":"2025-03-01T11:04:44","modified_gmt":"2025-03-01T10:04:44","slug":"schulsozialarbeit","status":"publish","type":"page","link":"https:\/\/grundschule-juri-gagarin.de\/index.php\/schulsozialarbeit\/","title":{"rendered":"Schulsozialarbeit"},"content":{"rendered":"\n<p><\/p>\n\n\n\n<p>Wir freuen uns, dass unsere Schule seit dem 01.04.2024 von der Schulsozialarbeiterin Frau Laura Taubert unterst\u00fctzt wird. Sie ist vertrauensvolle Ansprechpartnerin f\u00fcr alle Sch\u00fclerinnen und Sch\u00fcler, Eltern, Lehrkr\u00e4fte, Kooperationspartner und jeden Interessierten.<\/p>\n\n\n\n<p>Frau Taubert hat ihr B\u00fcro bei uns in der Schule im Raum 24 im 1. Obergeschoss.<\/p>\n\n\n\n<p><\/p>\n\n\n\n<figure class=\"wp-block-image size-large\"><img loading=\"lazy\" decoding=\"async\" width=\"724\" height=\"1024\" src=\"http:\/\/grundschule-juri-gagarin.de\/wp-content\/uploads\/2024\/04\/Vorstellung-SsozA-Juri-Gagarin-Website-724x1024.png\" alt=\"\" class=\"wp-image-666\" srcset=\"https:\/\/grundschule-juri-gagarin.de\/wp-content\/uploads\/2024\/04\/Vorstellung-SsozA-Juri-Gagarin-Website-724x1024.png 724w, https:\/\/grundschule-juri-gagarin.de\/wp-content\/uploads\/2024\/04\/Vorstellung-SsozA-Juri-Gagarin-Website-212x300.png 212w, https:\/\/grundschule-juri-gagarin.de\/wp-content\/uploads\/2024\/04\/Vorstellung-SsozA-Juri-Gagarin-Website-768x1086.png 768w, https:\/\/grundschule-juri-gagarin.de\/wp-content\/uploads\/2024\/04\/Vorstellung-SsozA-Juri-Gagarin-Website-1086x1536.png 1086w, https:\/\/grundschule-juri-gagarin.de\/wp-content\/uploads\/2024\/04\/Vorstellung-SsozA-Juri-Gagarin-Website.png 1414w\" sizes=\"auto, (max-width: 724px) 100vw, 724px\" \/><\/figure>\n","protected":false},"excerpt":{"rendered":"<p>Wir freuen uns, dass unsere Schule seit dem 01.04.2024 von der Schulsozialarbeiterin Frau Laura Taubert unterst\u00fctzt wird. Sie ist vertrauensvolle Ansprechpartnerin f\u00fcr alle Sch\u00fclerinnen und Sch\u00fcler, Eltern, Lehrkr\u00e4fte, Kooperationspartner und jeden Interessierten. Frau Taubert hat ihr B\u00fcro bei uns in &hellip; <a href=\"https:\/\/grundschule-juri-gagarin.de\/index.php\/schulsozialarbeit\/\">Weiterlesen <span class=\"meta-nav\">&rarr;<\/span><\/a><\/p>\n","protected":false},"author":1,"featured_media":0,"parent":0,"menu_order":0,"comment_status":"closed","ping_status":"closed","template":"","meta":{"footnotes":""},"class_list":["post-71","page","type-page","status-publish","hentry"],"_links":{"self":[{"href":"https:\/\/grundschule-juri-gagarin.de\/index.php\/wp-json\/wp\/v2\/pages\/71","targetHints":{"allow":["GET"]}}],"collection":[{"href":"https:\/\/grundschule-juri-gagarin.de\/index.php\/wp-json\/wp\/v2\/pages"}],"about":[{"href":"https:\/\/grundschule-juri-gagarin.de\/index.php\/wp-json\/wp\/v2\/types\/page"}],"author":[{"embeddable":true,"href":"https:\/\/grundschule-juri-gagarin.de\/index.php\/wp-json\/wp\/v2\/users\/1"}],"replies":[{"embeddable":true,"href":"https:\/\/grundschule-juri-gagarin.de\/index.php\/wp-json\/wp\/v2\/comments?post=71"}],"version-history":[{"count":17,"href":"https:\/\/grundschule-juri-gagarin.de\/index.php\/wp-json\/wp\/v2\/pages\/71\/revisions"}],"predecessor-version":[{"id":974,"href":"https:\/\/grundschule-juri-gagarin.de\/index.php\/wp-json\/wp\/v2\/pages\/71\/revisions\/974"}],"wp:attachment":[{"href":"https:\/\/grundschule-juri-gagarin.de\/index.php\/wp-json\/wp\/v2\/media?parent=71"}],"curies":[{"name":"wp","href":"https:\/\/api.w.org\/{rel}","templated":true}]}}