{"id":50,"date":"2023-03-31T19:38:36","date_gmt":"2023-03-31T17:38:36","guid":{"rendered":"http:\/\/wp12463810.server-he.de\/schulen\/1702\/?page_id=50"},"modified":"2026-03-25T07:12:04","modified_gmt":"2026-03-25T06:12:04","slug":"herzlich-willkommen-auf-der-homepage-der-grundschule-juri-gagarin-rostock","status":"publish","type":"page","link":"https:\/\/grundschule-juri-gagarin.de\/","title":{"rendered":"Herzlich willkommen auf der Homepage der Grundschule \u201eJuri Gagarin\u201d"},"content":{"rendered":"\n<p><\/p>\n\n\n\n<figure class=\"wp-block-gallery has-nested-images columns-default is-cropped wp-block-gallery-1 is-layout-flex wp-block-gallery-is-layout-flex\">\n<figure class=\"wp-block-image size-large\"><img loading=\"lazy\" decoding=\"async\" width=\"1024\" height=\"576\" data-id=\"283\" src=\"http:\/\/grundschule-juri-gagarin.de\/wp-content\/uploads\/2023\/08\/IMG_20230823_1236161-1024x576.jpg\" alt=\"\" class=\"wp-image-283\" srcset=\"https:\/\/grundschule-juri-gagarin.de\/wp-content\/uploads\/2023\/08\/IMG_20230823_1236161-1024x576.jpg 1024w, https:\/\/grundschule-juri-gagarin.de\/wp-content\/uploads\/2023\/08\/IMG_20230823_1236161-300x169.jpg 300w, https:\/\/grundschule-juri-gagarin.de\/wp-content\/uploads\/2023\/08\/IMG_20230823_1236161-768x432.jpg 768w, https:\/\/grundschule-juri-gagarin.de\/wp-content\/uploads\/2023\/08\/IMG_20230823_1236161-1536x864.jpg 1536w, https:\/\/grundschule-juri-gagarin.de\/wp-content\/uploads\/2023\/08\/IMG_20230823_1236161-2048x1152.jpg 2048w\" sizes=\"auto, (max-width: 1024px) 100vw, 1024px\" \/><\/figure>\n<\/figure>\n\n\n\n<p><\/p>\n\n\n\n<p class=\"has-black-color has-text-color\">Die Grundschule \u201eJuri Gagarin\u201d ist eine staatliche Schule in der S\u00fcdstadt der Hanse- und Universit\u00e4tsstadt Rostock. <\/p>\n\n\n\n<p class=\"has-black-color has-text-color\">Das Besondere an unserer kleinen, aber feinen Schule ist das Angebot, bereits ab der 1. Klasse Franz\u00f6sisch oder Englisch zu erlernen. Der&nbsp;Franz\u00f6sischunterricht wird durch Fremdsprachenassistenten unterst\u00fctzt, deren Muttersprache Franz\u00f6sisch ist.<\/p>\n\n\n\n<p>An unserer Schule lernen 12 Klassen mit insgesamt 260 Sch\u00fclerinnen und Sch\u00fclern.<\/p>\n\n\n\n<p>Durch den DigitalPakt Schule sind wir mit Medien sehr gut ausgestattet. Unsere Schule bietet F\u00f6rderung bei Lernschwierigkeiten sowie Forderstunden f\u00fcr besonders begabte Kinder.<\/p>\n\n\n\n<p class=\"has-black-color has-text-color\">Das weitl\u00e4ufige Schulgel\u00e4nde bietet in den Pausen und in der Hortzeit viel Platz&nbsp;zum Spielen und Bewegen. Obwohl wir eine Stadtschule sind, k\u00f6nnen unsere Kinder im Gr\u00fcnen lernen, experimentieren und kreativ werden.<\/p>\n\n\n\n<p class=\"has-black-color has-text-color\">Mehr dazu k\u00f6nnen Sie auf den folgenden Seiten lesen.<\/p>\n\n\n\n<p class=\"has-black-color has-text-color\"><strong>Viel Spa\u00df! Amusez-vous bien! <\/strong><strong>Have fun!<\/strong><\/p>\n\n\n\n<p class=\"has-black-color has-text-color\">Das Kollegium der Grundschule \u201eJuri Gagarin\u201d<br>und<br>Angelika D\u00f6ring<br>Schulleiterin<\/p>\n\n\n\n<p><\/p>\n\n\n\n<p><\/p>\n\n\n\n<p><\/p>\n\n\n\n<p><br><br><br><\/p>\n\n\n\n<p><\/p>\n","protected":false},"excerpt":{"rendered":"<p>Die Grundschule \u201eJuri Gagarin\u201d ist eine staatliche Schule in der S\u00fcdstadt der Hanse- und Universit\u00e4tsstadt Rostock. Das Besondere an unserer kleinen, aber feinen Schule ist das Angebot, bereits ab der 1. Klasse Franz\u00f6sisch oder Englisch zu erlernen. Der&nbsp;Franz\u00f6sischunterricht wird durch &hellip; <a href=\"https:\/\/grundschule-juri-gagarin.de\/\">Weiterlesen <span class=\"meta-nav\">&rarr;<\/span><\/a><\/p>\n","protected":false},"author":1,"featured_media":0,"parent":0,"menu_order":0,"comment_status":"closed","ping_status":"closed","template":"","meta":{"footnotes":""},"class_list":["post-50","page","type-page","status-publish","hentry"],"_links":{"self":[{"href":"https:\/\/grundschule-juri-gagarin.de\/index.php\/wp-json\/wp\/v2\/pages\/50","targetHints":{"allow":["GET"]}}],"collection":[{"href":"https:\/\/grundschule-juri-gagarin.de\/index.php\/wp-json\/wp\/v2\/pages"}],"about":[{"href":"https:\/\/grundschule-juri-gagarin.de\/index.php\/wp-json\/wp\/v2\/types\/page"}],"author":[{"embeddable":true,"href":"https:\/\/grundschule-juri-gagarin.de\/index.php\/wp-json\/wp\/v2\/users\/1"}],"replies":[{"embeddable":true,"href":"https:\/\/grundschule-juri-gagarin.de\/index.php\/wp-json\/wp\/v2\/comments?post=50"}],"version-history":[{"count":45,"href":"https:\/\/grundschule-juri-gagarin.de\/index.php\/wp-json\/wp\/v2\/pages\/50\/revisions"}],"predecessor-version":[{"id":1279,"href":"https:\/\/grundschule-juri-gagarin.de\/index.php\/wp-json\/wp\/v2\/pages\/50\/revisions\/1279"}],"wp:attachment":[{"href":"https:\/\/grundschule-juri-gagarin.de\/index.php\/wp-json\/wp\/v2\/media?parent=50"}],"curies":[{"name":"wp","href":"https:\/\/api.w.org\/{rel}","templated":true}]}}