{"id":3,"date":"2023-03-31T18:30:10","date_gmt":"2023-03-31T16:30:10","guid":{"rendered":"http:\/\/wp12463810.server-he.de\/schulen\/1702\/?page_id=3"},"modified":"2025-08-01T08:42:18","modified_gmt":"2025-08-01T06:42:18","slug":"datenschutzerklaerung","status":"publish","type":"page","link":"https:\/\/grundschule-juri-gagarin.de\/index.php\/datenschutzerklaerung\/","title":{"rendered":"Datenschutzerkl\u00e4rung"},"content":{"rendered":"\n<h2 class=\"wp-block-heading\"><\/h2>\n\n\n\n<p>Gem\u00e4\u00df Artikel 13 Abs. 1 und 2 der EU-Datenschutzgrundverordnung (DSGVO) werden Sie an dieser Stelle dar\u00fcber informiert, welche Daten wir von Ihnen bei der Nutzung unserer Internetdienste erheben und verarbeiten.<\/p>\n\n\n\n<h2 class=\"wp-block-heading\"><strong>1. Datenverarbeitende Stelle<\/strong><\/h2>\n\n\n\n<p>Grundschule \u201eJuri Gagarin\u201d<br>Schulleitung<br>Frau Angelika D\u00f6ring<br>Joseph-Herzfeld-Str. 19<br>18059 Rostock<br>Tel.:&nbsp; 0381 \/ 38141200<br>Fax:&nbsp; 0381 \/ 38141203<br>Mail: GR-Gagarin@rostock.de<\/p>\n\n\n\n<h2 class=\"wp-block-heading\"><strong>2. Datenschutzbeauftragter<\/strong><\/h2>\n\n\n\n<p>Zweckverband Elektronische Verwaltung in Mecklenburg-Vorpommern<br>Gemeinsamer Datenschutzbeauftragter an Schulen<br>Eckdrift 103<br>19061 Schwerin<br>Tel.: &nbsp;03834 \/ 34 50-350<br>Fax: &nbsp;0385 \/ 77 33 47-28<br>Mail: datenschutz-schule@ego-mv.de<\/p>\n\n\n\n<h2 class=\"wp-block-heading\"><strong>3. Protokollierung der Nutzung unserer Internetseiten<\/strong><\/h2>\n\n\n\n<p>Unsere Internetseiten dienen der allgemeinen Informationsbereitstellung von Schulinhalten, Ereignissen und Kontaktdaten.<\/p>\n\n\n\n<p>Falls Sie sich lediglich informieren m\u00f6chten, erheben wir w\u00e4hrend der Nutzung die folgenden technischen Informationen:<\/p>\n\n\n\n<p>&#8211; Datum, Uhrzeit und Art des Zugriffes<br>&#8211; Typ und Version des vom Benutzer verwendeten Browsers<br>&#8211; Typ und Version des vom Benutzer verwendeten Betriebssystems<br>&#8211; IP-Adresse<br>&#8211; Referrer (die vorhergehende Internetseite, von der der Benutzer zu uns gelangt ist)<br>&#8211; Statuscode zum Ergebnis der Abfrage<br>&#8211; Adresse der Ressource (URL), auf die zugegriffen wurde<br>&#8211; transferiertes Datenvolumen aufgrund der Anfrage<\/p>\n\n\n\n<p>Diese Daten werden zur Aufrechterhaltung der Funktionsf\u00e4higkeit des Internetangebotes erhoben und im Bedarfsfall zur internen Fehlersuche ausgewertet. Die Verarbeitung erfolgt dabei gem\u00e4\u00df \u00a7 4 Abs. 1 Datenschutzgesetz M-V i.V.m. Art. 6 Abs. 1 lit. e) DSGVO. Die Daten werden f\u00fcr 7 Tage gespeichert und anschlie\u00dfend automatisch gel\u00f6scht. Die Daten zur Bereitstellung der Website werden beim Beenden der Sitzung gel\u00f6scht. Im Falle eines Angriffes auf unser Internetangebot werden die betreffenden Protokolldaten an die zust\u00e4ndigen Strafverfolgungsbeh\u00f6rden weitergegeben.<\/p>\n\n\n\n<h2 class=\"wp-block-heading\"><strong>4. Allgemeiner Hinweis zur Datenverarbeitung in der Schule<\/strong><\/h2>\n\n\n\n<p>Im Rahmen unserer Aufgabenerf\u00fcllung verarbeiten wir Ihre personenbezogenen Daten ausschlie\u00dflich f\u00fcr Zwecke, die sich aus einer Rechtsnorm ergeben und zu denen wir verpflichtet oder berechtigt sind (Art. 6 Abs. 1 lit. c) und e) DSGVO i.V.m. beispielsweise \u00a7 70 Schulgesetz MV). Dar\u00fcber hinaus k\u00f6nnen wir personenbezogene Daten aufgrund einer von Ihnen abgegebenen Einwilligungserkl\u00e4rung verarbeiten (Art. 6 Abs. 1 lit. a), Art. 7 f. DSGVO).<\/p>\n\n\n\n<p>Wir sind in bestimmten F\u00e4llen gesetzlich berechtigt bzw. verpflichtet, personenbezogene Daten an Dritte zu \u00fcbermitteln (z.B. beim Schulwechsel). Dar\u00fcber hinaus kann eine \u00dcbermittlung auch aufgrund einer Einwilligung erfolgen.<\/p>\n\n\n\n<p>Wir speichern Ihre personenbezogenen Daten solange sie zur Aufgabenerf\u00fcllung erforderlich sind. Danach werden die Daten innerhalb einer angemessenen Frist und unter Beachtung der gesetzlichen Aufbewahrungsfristen gel\u00f6scht bzw. vernichtet. Eine l\u00e4ngere Speicherung ist f\u00fcr Archivzwecke zul\u00e4ssig.<\/p>\n\n\n\n<p>Informationen zu einzelnen Datenverarbeitungsvorg\u00e4ngen entnehmen Sie bitte den folgenden Hinweisen:<\/p>\n\n\n\n<div data-wp-interactive=\"core\/file\" class=\"wp-block-file\"><object data-wp-bind--hidden=\"!state.hasPdfPreview\" hidden class=\"wp-block-file__embed\" data=\"http:\/\/grundschule-juri-gagarin.de\/wp-content\/uploads\/2025\/08\/Info-Datenerhebung-SIP-2025-26.pdf\" type=\"application\/pdf\" style=\"width:100%;height:600px\" aria-label=\"Einbettung von Info Datenerhebung SIP 2025-26.\"><\/object><a id=\"wp-block-file--media-512f8a45-a101-4f1b-bdbd-bce054f9a9ce\" href=\"http:\/\/grundschule-juri-gagarin.de\/wp-content\/uploads\/2025\/08\/Info-Datenerhebung-SIP-2025-26.pdf\" target=\"_blank\" rel=\"noreferrer noopener\">Info Datenerhebung SIP 2025-26<\/a><a href=\"http:\/\/grundschule-juri-gagarin.de\/wp-content\/uploads\/2025\/08\/Info-Datenerhebung-SIP-2025-26.pdf\" class=\"wp-block-file__button wp-element-button\" download aria-describedby=\"wp-block-file--media-512f8a45-a101-4f1b-bdbd-bce054f9a9ce\">Herunterladen<\/a><\/div>\n\n\n\n<p><a href=\"http:\/\/grundschule-juri-gagarin.de\/wp-content\/uploads\/2023\/09\/Info-Datenerhebung-SIP-2023-24.pdf\" target=\"_blank\" rel=\"noreferrer noopener\">Informationen \u00fcber die Datenerhebung im Schulinformations- und Planungssystem (SIP M-V) \u2013 Modul SIP-Schule<\/a><br>&nbsp;<\/p>\n\n\n\n<p>Postanschriften und E-Mail-Adressen, die Sie uns im Rahmen einer Anfrage oder einer Bestellung von Informationsmaterial mitteilen, verwenden wir ausschlie\u00dflich f\u00fcr den Versand bzw. die Korrespondenz mit Ihnen. Eine Weitergabe personenbezogener Daten an Dritte findet in diesem Fall nicht statt.<\/p>\n\n\n\n<p>Wenn Sie eine E-Mail mit schutzw\u00fcrdigem Inhalt an uns senden wollen, so empfehlen wir dringend, diese zu verschl\u00fcsseln, um eine unbefugte Kenntnisnahme und Verf\u00e4lschung auf dem \u00dcbertragungsweg zu verhindern. Alternativ k\u00f6nnen Sie uns auch postalisch kontaktieren.<\/p>\n\n\n\n<h2 class=\"wp-block-heading\"><strong>5. Rechte der Betroffenen der Datenverarbeitung<\/strong><\/h2>\n\n\n\n<p>Als Betroffener stehen Ihnen die folgenden Rechte zu, soweit die gesetzlichen Voraussetzungen daf\u00fcr erf\u00fcllt sind:<\/p>\n\n\n\n<p>Recht auf Auskunft, Art. 15 DSGVO<br>Recht auf Berichtigung, Art. 16 DSGVO<br>Recht auf L\u00f6schung, Art. 17 DSGVO<br>Recht auf Einschr\u00e4nkung der Verarbeitung, Art. 18 DSGVO<br>Recht auf Daten\u00fcbertragbarkeit, Art. 20 DSGVO<br>Widerspruchsrecht, Art. 21 DSGVO<\/p>\n\n\n\n<p>Soweit eine Datenverarbeitung auf Ihrer freiwilligen <strong>Einwilligung<\/strong> beruht, besitzen Sie das Recht, diese <strong>jederzeit<\/strong> mit <strong>Wirkung f\u00fcr<\/strong> die <strong>Zukunft<\/strong> zu <strong>widerrufen<\/strong>.<\/p>\n\n\n\n<p>Sie haben das Recht, Beschwerden beim Landesbeauftragten f\u00fcr Datenschutz und Informationsfreiheit Mecklenburg-Vorpommern zu erheben: Postanschrift: Schloss Schwerin, Lenn\u00e9stra\u00dfe 1, 19053 Schwerin, Telefon: 0385 \/ 59494-0 oder E-Mail: info@datenschutz-mv.de, Internetauftritt: www.datenschutz-mv.de<\/p>\n\n\n\n<h2 class=\"wp-block-heading\">Eingebettete Inhalte von anderen Websites<\/h2>\n\n\n\n<p>Beitr\u00e4ge auf dieser Website k\u00f6nnen eingebettete Inhalte beinhalten (z.&nbsp;B. Videos, Bilder, Beitr\u00e4ge etc.). Eingebettete Inhalte von anderen Websites verhalten sich exakt so, als ob der Besucher die andere Website besucht h\u00e4tte.<\/p>\n\n\n\n<p>Diese Websites k\u00f6nnen Daten \u00fcber dich sammeln, Cookies benutzen, zus\u00e4tzliche Tracking-Dienste von Dritten einbetten und deine Interaktion mit diesem eingebetteten Inhalt aufzeichnen, inklusive deiner Interaktion mit dem eingebetteten Inhalt, falls du ein Konto hast und auf dieser Website angemeldet bist.<\/p>\n\n\n\n<p><\/p>\n\n\n\n<p><\/p>\n\n\n\n<p><\/p>\n","protected":false},"excerpt":{"rendered":"<p>Gem\u00e4\u00df Artikel 13 Abs. 1 und 2 der EU-Datenschutzgrundverordnung (DSGVO) werden Sie an dieser Stelle dar\u00fcber informiert, welche Daten wir von Ihnen bei der Nutzung unserer Internetdienste erheben und verarbeiten. 1. Datenverarbeitende Stelle Grundschule \u201eJuri Gagarin\u201dSchulleitungFrau Angelika D\u00f6ringJoseph-Herzfeld-Str. 1918059 RostockTel.:&nbsp; &hellip; <a href=\"https:\/\/grundschule-juri-gagarin.de\/index.php\/datenschutzerklaerung\/\">Weiterlesen <span class=\"meta-nav\">&rarr;<\/span><\/a><\/p>\n","protected":false},"author":1,"featured_media":0,"parent":0,"menu_order":0,"comment_status":"closed","ping_status":"open","template":"","meta":{"footnotes":""},"class_list":["post-3","page","type-page","status-publish","hentry"],"_links":{"self":[{"href":"https:\/\/grundschule-juri-gagarin.de\/index.php\/wp-json\/wp\/v2\/pages\/3","targetHints":{"allow":["GET"]}}],"collection":[{"href":"https:\/\/grundschule-juri-gagarin.de\/index.php\/wp-json\/wp\/v2\/pages"}],"about":[{"href":"https:\/\/grundschule-juri-gagarin.de\/index.php\/wp-json\/wp\/v2\/types\/page"}],"author":[{"embeddable":true,"href":"https:\/\/grundschule-juri-gagarin.de\/index.php\/wp-json\/wp\/v2\/users\/1"}],"replies":[{"embeddable":true,"href":"https:\/\/grundschule-juri-gagarin.de\/index.php\/wp-json\/wp\/v2\/comments?post=3"}],"version-history":[{"count":14,"href":"https:\/\/grundschule-juri-gagarin.de\/index.php\/wp-json\/wp\/v2\/pages\/3\/revisions"}],"predecessor-version":[{"id":1157,"href":"https:\/\/grundschule-juri-gagarin.de\/index.php\/wp-json\/wp\/v2\/pages\/3\/revisions\/1157"}],"wp:attachment":[{"href":"https:\/\/grundschule-juri-gagarin.de\/index.php\/wp-json\/wp\/v2\/media?parent=3"}],"curies":[{"name":"wp","href":"https:\/\/api.w.org\/{rel}","templated":true}]}}