{"id":22,"date":"2023-03-31T19:01:38","date_gmt":"2023-03-31T17:01:38","guid":{"rendered":"http:\/\/wp12463810.server-he.de\/schulen\/1702\/?page_id=22"},"modified":"2025-10-28T07:15:43","modified_gmt":"2025-10-28T06:15:43","slug":"ausserschulische-angebote","status":"publish","type":"page","link":"https:\/\/grundschule-juri-gagarin.de\/index.php\/ausserschulische-angebote\/","title":{"rendered":"Au\u00dferschulische Angebote"},"content":{"rendered":"\n<p><\/p>\n\n\n\n<p>Nachfolgend geben wir Ihnen eine \u00dcbersicht an au\u00dferschulischen Nachmittagsangeboten f\u00fcr Sch\u00fclerinnen und Sch\u00fcler unserer Schule.<\/p>\n\n\n\n<p><strong>F\u00fcr Fragen und weitere Informationen zu Kosten und Anmeldung wenden Sie sich bitte direkt an die jeweiligen Anbieter.<\/strong><\/p>\n\n\n\n<figure class=\"wp-block-image size-large\"><img loading=\"lazy\" decoding=\"async\" width=\"1024\" height=\"596\" src=\"http:\/\/grundschule-juri-gagarin.de\/wp-content\/uploads\/2025\/10\/Basketball-1024x596.jpg\" alt=\"\" class=\"wp-image-1236\" srcset=\"https:\/\/grundschule-juri-gagarin.de\/wp-content\/uploads\/2025\/10\/Basketball-1024x596.jpg 1024w, https:\/\/grundschule-juri-gagarin.de\/wp-content\/uploads\/2025\/10\/Basketball-300x175.jpg 300w, https:\/\/grundschule-juri-gagarin.de\/wp-content\/uploads\/2025\/10\/Basketball-768x447.jpg 768w, https:\/\/grundschule-juri-gagarin.de\/wp-content\/uploads\/2025\/10\/Basketball.jpg 1358w\" sizes=\"auto, (max-width: 1024px) 100vw, 1024px\" \/><\/figure>\n\n\n\n<figure class=\"wp-block-image size-large\"><img loading=\"lazy\" decoding=\"async\" width=\"1024\" height=\"659\" src=\"http:\/\/grundschule-juri-gagarin.de\/wp-content\/uploads\/2023\/11\/Volleyball-1024x659.jpg\" alt=\"\" class=\"wp-image-487\" srcset=\"https:\/\/grundschule-juri-gagarin.de\/wp-content\/uploads\/2023\/11\/Volleyball-1024x659.jpg 1024w, https:\/\/grundschule-juri-gagarin.de\/wp-content\/uploads\/2023\/11\/Volleyball-300x193.jpg 300w, https:\/\/grundschule-juri-gagarin.de\/wp-content\/uploads\/2023\/11\/Volleyball-768x494.jpg 768w, https:\/\/grundschule-juri-gagarin.de\/wp-content\/uploads\/2023\/11\/Volleyball.jpg 1364w\" sizes=\"auto, (max-width: 1024px) 100vw, 1024px\" \/><\/figure>\n\n\n\n<figure class=\"wp-block-image size-large\"><img loading=\"lazy\" decoding=\"async\" width=\"1024\" height=\"579\" src=\"http:\/\/grundschule-juri-gagarin.de\/wp-content\/uploads\/2023\/11\/Leichtathletik-1024x579.jpg\" alt=\"\" class=\"wp-image-489\" srcset=\"https:\/\/grundschule-juri-gagarin.de\/wp-content\/uploads\/2023\/11\/Leichtathletik-1024x579.jpg 1024w, https:\/\/grundschule-juri-gagarin.de\/wp-content\/uploads\/2023\/11\/Leichtathletik-300x170.jpg 300w, https:\/\/grundschule-juri-gagarin.de\/wp-content\/uploads\/2023\/11\/Leichtathletik-768x434.jpg 768w, https:\/\/grundschule-juri-gagarin.de\/wp-content\/uploads\/2023\/11\/Leichtathletik.jpg 1360w\" sizes=\"auto, (max-width: 1024px) 100vw, 1024px\" \/><\/figure>\n\n\n\n<figure class=\"wp-block-image size-large\"><img loading=\"lazy\" decoding=\"async\" width=\"1024\" height=\"482\" src=\"https:\/\/grundschule-juri-gagarin.de\/wp-content\/uploads\/2025\/10\/Karate-1-1024x482.jpg\" alt=\"\" class=\"wp-image-1226\" srcset=\"https:\/\/grundschule-juri-gagarin.de\/wp-content\/uploads\/2025\/10\/Karate-1-1024x482.jpg 1024w, https:\/\/grundschule-juri-gagarin.de\/wp-content\/uploads\/2025\/10\/Karate-1-300x141.jpg 300w, https:\/\/grundschule-juri-gagarin.de\/wp-content\/uploads\/2025\/10\/Karate-1-768x361.jpg 768w, https:\/\/grundschule-juri-gagarin.de\/wp-content\/uploads\/2025\/10\/Karate-1.jpg 1361w\" sizes=\"auto, (max-width: 1024px) 100vw, 1024px\" \/><\/figure>\n\n\n\n<figure class=\"wp-block-image size-large\"><img loading=\"lazy\" decoding=\"async\" width=\"1024\" height=\"561\" src=\"https:\/\/grundschule-juri-gagarin.de\/wp-content\/uploads\/2025\/10\/Tanzen-1024x561.jpg\" alt=\"\" class=\"wp-image-1228\" srcset=\"https:\/\/grundschule-juri-gagarin.de\/wp-content\/uploads\/2025\/10\/Tanzen-1024x561.jpg 1024w, https:\/\/grundschule-juri-gagarin.de\/wp-content\/uploads\/2025\/10\/Tanzen-300x164.jpg 300w, https:\/\/grundschule-juri-gagarin.de\/wp-content\/uploads\/2025\/10\/Tanzen-768x421.jpg 768w, https:\/\/grundschule-juri-gagarin.de\/wp-content\/uploads\/2025\/10\/Tanzen.jpg 1361w\" sizes=\"auto, (max-width: 1024px) 100vw, 1024px\" \/><\/figure>\n\n\n\n<figure class=\"wp-block-image size-large\"><img loading=\"lazy\" decoding=\"async\" width=\"1024\" height=\"676\" src=\"http:\/\/grundschule-juri-gagarin.de\/wp-content\/uploads\/2023\/11\/Musikunterricht-1024x676.jpg\" alt=\"\" class=\"wp-image-491\" srcset=\"https:\/\/grundschule-juri-gagarin.de\/wp-content\/uploads\/2023\/11\/Musikunterricht-1024x676.jpg 1024w, https:\/\/grundschule-juri-gagarin.de\/wp-content\/uploads\/2023\/11\/Musikunterricht-300x198.jpg 300w, https:\/\/grundschule-juri-gagarin.de\/wp-content\/uploads\/2023\/11\/Musikunterricht-768x507.jpg 768w, https:\/\/grundschule-juri-gagarin.de\/wp-content\/uploads\/2023\/11\/Musikunterricht.jpg 1364w\" sizes=\"auto, (max-width: 1024px) 100vw, 1024px\" \/><\/figure>\n\n\n\n<p><\/p>\n","protected":false},"excerpt":{"rendered":"<p>Nachfolgend geben wir Ihnen eine \u00dcbersicht an au\u00dferschulischen Nachmittagsangeboten f\u00fcr Sch\u00fclerinnen und Sch\u00fcler unserer Schule. F\u00fcr Fragen und weitere Informationen zu Kosten und Anmeldung wenden Sie sich bitte direkt an die jeweiligen Anbieter.<\/p>\n","protected":false},"author":1,"featured_media":0,"parent":0,"menu_order":0,"comment_status":"closed","ping_status":"closed","template":"","meta":{"footnotes":""},"class_list":["post-22","page","type-page","status-publish","hentry"],"_links":{"self":[{"href":"https:\/\/grundschule-juri-gagarin.de\/index.php\/wp-json\/wp\/v2\/pages\/22","targetHints":{"allow":["GET"]}}],"collection":[{"href":"https:\/\/grundschule-juri-gagarin.de\/index.php\/wp-json\/wp\/v2\/pages"}],"about":[{"href":"https:\/\/grundschule-juri-gagarin.de\/index.php\/wp-json\/wp\/v2\/types\/page"}],"author":[{"embeddable":true,"href":"https:\/\/grundschule-juri-gagarin.de\/index.php\/wp-json\/wp\/v2\/users\/1"}],"replies":[{"embeddable":true,"href":"https:\/\/grundschule-juri-gagarin.de\/index.php\/wp-json\/wp\/v2\/comments?post=22"}],"version-history":[{"count":30,"href":"https:\/\/grundschule-juri-gagarin.de\/index.php\/wp-json\/wp\/v2\/pages\/22\/revisions"}],"predecessor-version":[{"id":1237,"href":"https:\/\/grundschule-juri-gagarin.de\/index.php\/wp-json\/wp\/v2\/pages\/22\/revisions\/1237"}],"wp:attachment":[{"href":"https:\/\/grundschule-juri-gagarin.de\/index.php\/wp-json\/wp\/v2\/media?parent=22"}],"curies":[{"name":"wp","href":"https:\/\/api.w.org\/{rel}","templated":true}]}}